{"id":1721,"date":"2025-03-12T10:09:00","date_gmt":"2025-03-12T10:09:00","guid":{"rendered":"https:\/\/pfad-des-gedenkens.de\/guestbook\/"},"modified":"2025-12-12T11:26:51","modified_gmt":"2025-12-12T11:26:51","slug":"guestbook","status":"publish","type":"page","link":"https:\/\/pfad-des-gedenkens.de\/en\/guestbook\/","title":{"rendered":"Guestbook"},"content":{"rendered":"\t\t<div data-elementor-type=\"wp-page\" data-elementor-id=\"1721\" class=\"elementor elementor-1721 elementor-362\" data-elementor-post-type=\"page\">\n\t\t\t\t<div class=\"elementor-element elementor-element-23a636f e-flex e-con-boxed e-con e-parent\" data-id=\"23a636f\" data-element_type=\"container\" data-e-type=\"container\" data-settings=\"{&quot;ekit_has_onepagescroll_dot&quot;:&quot;yes&quot;}\">\n\t\t\t\t\t<div class=\"e-con-inner\">\n\t\t\t\t<div class=\"elementor-element elementor-element-08203c0 elementor-invisible elementor-widget elementor-widget-heading\" data-id=\"08203c0\" data-element_type=\"widget\" data-e-type=\"widget\" data-settings=\"{&quot;_animation&quot;:&quot;fadeInUp&quot;,&quot;ekit_we_effect_on&quot;:&quot;none&quot;}\" data-widget_type=\"heading.default\">\n\t\t\t\t<div class=\"elementor-widget-container\">\n\t\t\t\t\t<h2 class=\"elementor-heading-title elementor-size-default\">Guestbook<\/h2>\t\t\t\t<\/div>\n\t\t\t\t<\/div>\n\t\t\t\t<div class=\"elementor-element elementor-element-9dacfa8 elementor-widget elementor-widget-shortcode\" data-id=\"9dacfa8\" data-element_type=\"widget\" data-e-type=\"widget\" data-settings=\"{&quot;ekit_we_effect_on&quot;:&quot;none&quot;}\" data-widget_type=\"shortcode.default\">\n\t\t\t\t<div class=\"elementor-widget-container\">\n\t\t\t\t\t\t\t<div class=\"elementor-shortcode\"><div class=\"gwolle-gb\"><div class=\"gwolle-gb-messages-top-container\"><\/div>\n\t\t\t<div class=\"gwolle-gb-write-button\">\n\t\t\t\t<input type=\"button\" name=\"gwolle-gb-write-button\" class=\"button btn btn-default \" value=\"Write a new entry.\" aria-expanded=\"false\" \/>\n\t\t\t<\/div>\n\t\t\t<form action=\"#\" method=\"POST\" class=\"gwolle-gb-write gwolle-gb-hide gwolle-gb-float gwolle-gb-form-ajax gwolle-gb-ajax gwolle-gb-not-logged-in\">\n\t\t\t\t<h3>Einen neuen Eintrag f\u00fcr das G\u00e4stebuch schreiben<\/h3>\n\t\t\t\t<button type=\"button\" class=\"gb-notice-dismiss\">x<span class=\"screen-reader-text\">Hide this form.<\/span><\/button>\n\t\t\t\n\t\t\t\t<input type=\"hidden\" name=\"gwolle_gb_function\" class=\"gwolle_gb_function\" value=\"add_entry\" \/><input type=\"hidden\" name=\"gwolle_gb_book_id\" class=\"gwolle_gb_book_id\" value=\"1\" \/><div class=\"gwolle_gb_fb4311507b9846a3927a8912ef0ebcdd\">\n\t\t\t\t<div class=\"label\"><label for=\"gwolle_gb_fb4311507b9846a3927a8912ef0ebcdd-1\" class=\"text-info\">Name <span class=\"required\">*<\/span><\/label><\/div>\n\t\t\t\t<div class=\"input\"><input class=\"wp-exclude-emoji gwolle_gb_fb4311507b9846a3927a8912ef0ebcdd\" value=\"\" type=\"text\" id=\"gwolle_gb_fb4311507b9846a3927a8912ef0ebcdd-1\" name=\"gwolle_gb_fb4311507b9846a3927a8912ef0ebcdd\" required \/><\/div>\n\t\t\t\t<div class=\"clearBoth\">&nbsp;<\/div>\n\t\t\t<\/div>\n\t\t\t<div class=\"gwolle_gb_58c6d0a07ef7b765349c715c91851809\" style=\"display:none;overflow:hidden;\" hidden=\"true\" aria-hidden=\"true\">\n\t\t\t\t<div class=\"label\">\n\t\t\t\t\t<label for=\"gwolle_gb_58c6d0a07ef7b765349c715c91851809-1\" class=\"text-primary\">Do not touch this<\/label>\n\t\t\t\t\t<label for=\"gwolle_gb_cc89525a26a7ff37ef1bd12ad1d5bc0c-1\" class=\"text-primary\">Do not touch this<\/label>\n\t\t\t\t<\/div>\n\t\t\t\t<div class=\"input\">\n\t\t\t\t\t<input value=\"56\" type=\"text\" id=\"gwolle_gb_58c6d0a07ef7b765349c715c91851809-1\" name=\"gwolle_gb_58c6d0a07ef7b765349c715c91851809\" class=\"gwolle_gb_58c6d0a07ef7b765349c715c91851809\" style=\"transform: translateY(10000px);\" \/>\n\t\t\t\t\t<input value=\"\" type=\"text\" name=\"gwolle_gb_cc89525a26a7ff37ef1bd12ad1d5bc0c\" id=\"gwolle_gb_cc89525a26a7ff37ef1bd12ad1d5bc0c-1\" class=\"gwolle_gb_cc89525a26a7ff37ef1bd12ad1d5bc0c\" style=\"transform: translateY(10000px);\" \/>\n\t\t\t\t<\/div>\n\t\t\t\t<div class=\"clearBoth\"><\/div>\n\t\t\t<\/div>\n\t\t\t<div class=\"gwolle_gb_f96d68b4812432e0b6cde96af65a4f72\" style=\"display:none;overflow:hidden;\" hidden=\"true\" aria-hidden=\"true\">\n\t\t\t\t<div class=\"label\">\n\t\t\t\t\t<label for=\"gwolle_gb_f96d68b4812432e0b6cde96af65a4f72-1\" class=\"text-primary\">Do not touch this<\/label>\n\t\t\t\t\t<label for=\"gwolle_gb_05b6cec33447d15ff1b6d42804dcda34-1\" class=\"text-primary\">Do not touch this<\/label>\n\t\t\t\t<\/div>\n\t\t\t\t<div class=\"input\">\n\t\t\t\t\t<input value=\"14887\" type=\"text\" id=\"gwolle_gb_f96d68b4812432e0b6cde96af65a4f72-1\" name=\"gwolle_gb_f96d68b4812432e0b6cde96af65a4f72\" class=\"gwolle_gb_f96d68b4812432e0b6cde96af65a4f72\" style=\"transform: translateY(10000px);\" \/>\n\t\t\t\t\t<input value=\"14887\" type=\"text\"id=\"gwolle_gb_05b6cec33447d15ff1b6d42804dcda34-1\" name=\"gwolle_gb_05b6cec33447d15ff1b6d42804dcda34\" class=\"gwolle_gb_05b6cec33447d15ff1b6d42804dcda34\" style=\"transform: translateY(10000px);\" \/>\n\t\t\t\t<\/div>\n\t\t\t\t<div class=\"clearBoth\"><\/div>\n\t\t\t<\/div><div class=\"gwolle_gb_content\">\n\t\t\t\t<div class=\"label\"><label for=\"gwolle_gb_content-1\" class=\"text-info\">Guestbook entry <span class=\"required\">*<\/span><\/label><\/div>\n\t\t\t\t<div class=\"input\"><textarea id=\"gwolle_gb_content-1\" name=\"gwolle_gb_content\" class=\"gwolle_gb_content wp-exclude-emoji maxlength maxlength-300\" required ><\/textarea><span class=\"gb-max-length-text\"><span class=\"gb-used-characters\">0<\/span>\/<span class=\"gb-max-characters\">300<\/span> characters<\/span><\/div>\n\t\t\t\t\t<div class=\"clearBoth\">&nbsp;<\/div>\n\t\t\t\t<\/div><input type=\"hidden\" class=\"gwolle_gb_b10ba8f1848da3b317a91715781cf486\" id=\"gwolle_gb_b10ba8f1848da3b317a91715781cf486-1\" name=\"gwolle_gb_b10ba8f1848da3b317a91715781cf486\" value=\"9aabaaad98\" \/>\n\t\t\t<div class=\"gwolle-gb-messages-bottom-container\"><\/div>\n\n\t\t\t<noscript><div class=\"no-js\">Warning: This form can only be used if JavaScript is enabled in your browser.<\/div><\/noscript>\n\n\t\t\t<div class=\"gwolle_gb_submit gwolle-gb-submit\">\n\t\t\t\t<div class=\"label gwolle-gb-invisible text-muted\">&nbsp;<\/div>\n\t\t\t\t<div class=\"input\">\n\t\t\t\t\t<input type=\"submit\" name=\"gwolle_gb_submit\" class=\"gwolle_gb_submit button btn btn-primary \" value=\"Submit\" \/>\n\t\t\t\t\t<span class=\"gwolle_gb_submit_ajax_icon gwolle-gb-submit-ajax-icon\"><\/span>\n\t\t\t\n\t\t\t\t<\/div>\n\t\t\t\t<div class=\"clearBoth\">&nbsp;<\/div>\n\t\t\t<\/div>\n\n\t\t\t<div class=\"gwolle_gb_notice gwolle-gb-notice\">\n\t\t\t\tMit * gekennzeichnete Felder sind erforderlich.<br \/>\r\nEs ist m\u00f6glich, dass dein Eintrag im G\u00e4stebuch erst sichtbar ist, nachdem wir ihn \u00fcberpr\u00fcft haben.<br \/>\r\nWir behalten uns vor, Eintr\u00e4ge zu bearbeiten, zu l\u00f6schen oder nicht zu ver\u00f6ffentlichen.\n\t\t\t<\/div><\/form><div class=\"gwolle-gb-read gwolle-gb-ajax gwolle-gb-entries-list\" data-book_id=\"1\" data-page_id=\"1\">\n\t\t<div id=\"gwolle-gb-total\" class=\"gwolle-gb-total\">1 entry.<\/div><!-- Gwolle-GB Entry: Default Template Loaded -->\n\t\t\t\t<div class=\"gb-entry gb-entry_3 gb-entry-count_1 gwolle-gb-uneven gwolle-gb-first\" id=\"gb-entry_3\" data-entry_id=\"3\">\n\t\t\t\t<article>\n\t\t\t\t\t<div class=\"gb-author-info\">\n\t\t\t\t\t\t<span class=\"gb-author-avatar\"><img referrerpolicy=\"no-referrer\" alt='Ein Besucher' src='https:\/\/secure.gravatar.com\/avatar\/?s=32&#038;d=mm&#038;r=g' srcset='https:\/\/secure.gravatar.com\/avatar\/?s=64&#038;d=mm&#038;r=g 2x' class='avatar avatar-32 photo avatar-default' height='32' width='32' \/><\/span>\n\t\t\t\t\t\t<span class=\"gb-author-name\">Ein Besucher\n\t\t\t\t\t\t<\/span>\n\t\t\t\t\t\t<span class=\"gb-datetime\">\n\t\t\t\t\t\t\t<span class=\"gb-date\"><span class=\"gb-date-wrote-text\"> wrote on<\/span><span class=\"gb-date-text\"> 23.07.2025<\/span>\n\t\t\t\t\t\t\t<\/span><span class=\"gb-time\">\n\t\t\t\t\t\t\t\t\t<span class=\"gb-time-at-text\"> at<\/span>\n\t\t\t\t\t\t\t\t\t<span class=\"gb-time-text\"> 17:20<\/span>\n\t\t\t\t\t\t\t\t<\/span>\n\t\t\t\t\t\t<\/span> \n\t\t\t\t\t<\/div>\n\t\t\t\t\t<div class=\"gb-entry-content\">Ich bin begeistert von diesem Projekt!\n\t\t\t\t\t<\/div>\n\t\t\t\t<\/article>\n\t\t\t<\/div>\n\t\t\t<\/div><\/div><\/div>\n\t\t\t\t\t\t<\/div>\n\t\t\t\t<\/div>\n\t\t\t\t\t<\/div>\n\t\t\t\t<\/div>\n\t\t\t\t<\/div>\n\t\t","protected":false},"excerpt":{"rendered":"<p>Guestbook<\/p>\n","protected":false},"author":1,"featured_media":0,"parent":0,"menu_order":0,"comment_status":"closed","ping_status":"closed","template":"elementor_header_footer","meta":{"_acf_changed":false,"footnotes":""},"class_list":["post-1721","page","type-page","status-publish","hentry"],"acf":[],"yoast_head":"<!-- This site is optimized with the Yoast SEO plugin v27.5 - https:\/\/yoast.com\/product\/yoast-seo-wordpress\/ -->\n<title>Guestbook - Pfad des Gedenkens<\/title>\n<meta name=\"robots\" content=\"index, follow, max-snippet:-1, max-image-preview:large, max-video-preview:-1\" \/>\n<link rel=\"canonical\" href=\"https:\/\/pfad-des-gedenkens.de\/en\/guestbook\/\" \/>\n<meta property=\"og:locale\" content=\"en_US\" \/>\n<meta property=\"og:type\" content=\"article\" \/>\n<meta property=\"og:title\" content=\"Guestbook - Pfad des Gedenkens\" \/>\n<meta property=\"og:description\" content=\"Guestbook\" \/>\n<meta property=\"og:url\" content=\"https:\/\/pfad-des-gedenkens.de\/en\/guestbook\/\" \/>\n<meta property=\"og:site_name\" content=\"Pfad des Gedenkens\" \/>\n<meta property=\"article:modified_time\" content=\"2025-12-12T11:26:51+00:00\" \/>\n<meta name=\"twitter:card\" content=\"summary_large_image\" \/>\n<script type=\"application\/ld+json\" class=\"yoast-schema-graph\">{\"@context\":\"https:\\\/\\\/schema.org\",\"@graph\":[{\"@type\":\"WebPage\",\"@id\":\"https:\\\/\\\/pfad-des-gedenkens.de\\\/en\\\/guestbook\\\/\",\"url\":\"https:\\\/\\\/pfad-des-gedenkens.de\\\/en\\\/guestbook\\\/\",\"name\":\"Guestbook - Pfad des Gedenkens\",\"isPartOf\":{\"@id\":\"https:\\\/\\\/pfad-des-gedenkens.de\\\/#website\"},\"datePublished\":\"2025-03-12T10:09:00+00:00\",\"dateModified\":\"2025-12-12T11:26:51+00:00\",\"breadcrumb\":{\"@id\":\"https:\\\/\\\/pfad-des-gedenkens.de\\\/en\\\/guestbook\\\/#breadcrumb\"},\"inLanguage\":\"en-US\",\"potentialAction\":[{\"@type\":\"ReadAction\",\"target\":[\"https:\\\/\\\/pfad-des-gedenkens.de\\\/en\\\/guestbook\\\/\"]}]},{\"@type\":\"BreadcrumbList\",\"@id\":\"https:\\\/\\\/pfad-des-gedenkens.de\\\/en\\\/guestbook\\\/#breadcrumb\",\"itemListElement\":[{\"@type\":\"ListItem\",\"position\":1,\"name\":\"Startseite\",\"item\":\"https:\\\/\\\/pfad-des-gedenkens.de\\\/en\\\/home-page\\\/\"},{\"@type\":\"ListItem\",\"position\":2,\"name\":\"Guestbook\"}]},{\"@type\":\"WebSite\",\"@id\":\"https:\\\/\\\/pfad-des-gedenkens.de\\\/#website\",\"url\":\"https:\\\/\\\/pfad-des-gedenkens.de\\\/\",\"name\":\"Pfad des Gedenkens\",\"description\":\"\",\"publisher\":{\"@id\":\"https:\\\/\\\/pfad-des-gedenkens.de\\\/#organization\"},\"potentialAction\":[{\"@type\":\"SearchAction\",\"target\":{\"@type\":\"EntryPoint\",\"urlTemplate\":\"https:\\\/\\\/pfad-des-gedenkens.de\\\/?s={search_term_string}\"},\"query-input\":{\"@type\":\"PropertyValueSpecification\",\"valueRequired\":true,\"valueName\":\"search_term_string\"}}],\"inLanguage\":\"en-US\"},{\"@type\":\"Organization\",\"@id\":\"https:\\\/\\\/pfad-des-gedenkens.de\\\/#organization\",\"name\":\"Pfad des Gedenkens\",\"url\":\"https:\\\/\\\/pfad-des-gedenkens.de\\\/\",\"logo\":{\"@type\":\"ImageObject\",\"inLanguage\":\"en-US\",\"@id\":\"https:\\\/\\\/pfad-des-gedenkens.de\\\/#\\\/schema\\\/logo\\\/image\\\/\",\"url\":\"https:\\\/\\\/pfad-des-gedenkens.de\\\/wp-content\\\/uploads\\\/2025\\\/03\\\/Element-1@4x-2.png\",\"contentUrl\":\"https:\\\/\\\/pfad-des-gedenkens.de\\\/wp-content\\\/uploads\\\/2025\\\/03\\\/Element-1@4x-2.png\",\"width\":632,\"height\":257,\"caption\":\"Pfad des Gedenkens\"},\"image\":{\"@id\":\"https:\\\/\\\/pfad-des-gedenkens.de\\\/#\\\/schema\\\/logo\\\/image\\\/\"}}]}<\/script>\n<!-- \/ Yoast SEO plugin. -->","yoast_head_json":{"title":"Guestbook - Pfad des Gedenkens","robots":{"index":"index","follow":"follow","max-snippet":"max-snippet:-1","max-image-preview":"max-image-preview:large","max-video-preview":"max-video-preview:-1"},"canonical":"https:\/\/pfad-des-gedenkens.de\/en\/guestbook\/","og_locale":"en_US","og_type":"article","og_title":"Guestbook - Pfad des Gedenkens","og_description":"Guestbook","og_url":"https:\/\/pfad-des-gedenkens.de\/en\/guestbook\/","og_site_name":"Pfad des Gedenkens","article_modified_time":"2025-12-12T11:26:51+00:00","twitter_card":"summary_large_image","schema":{"@context":"https:\/\/schema.org","@graph":[{"@type":"WebPage","@id":"https:\/\/pfad-des-gedenkens.de\/en\/guestbook\/","url":"https:\/\/pfad-des-gedenkens.de\/en\/guestbook\/","name":"Guestbook - Pfad des Gedenkens","isPartOf":{"@id":"https:\/\/pfad-des-gedenkens.de\/#website"},"datePublished":"2025-03-12T10:09:00+00:00","dateModified":"2025-12-12T11:26:51+00:00","breadcrumb":{"@id":"https:\/\/pfad-des-gedenkens.de\/en\/guestbook\/#breadcrumb"},"inLanguage":"en-US","potentialAction":[{"@type":"ReadAction","target":["https:\/\/pfad-des-gedenkens.de\/en\/guestbook\/"]}]},{"@type":"BreadcrumbList","@id":"https:\/\/pfad-des-gedenkens.de\/en\/guestbook\/#breadcrumb","itemListElement":[{"@type":"ListItem","position":1,"name":"Startseite","item":"https:\/\/pfad-des-gedenkens.de\/en\/home-page\/"},{"@type":"ListItem","position":2,"name":"Guestbook"}]},{"@type":"WebSite","@id":"https:\/\/pfad-des-gedenkens.de\/#website","url":"https:\/\/pfad-des-gedenkens.de\/","name":"Pfad des Gedenkens","description":"","publisher":{"@id":"https:\/\/pfad-des-gedenkens.de\/#organization"},"potentialAction":[{"@type":"SearchAction","target":{"@type":"EntryPoint","urlTemplate":"https:\/\/pfad-des-gedenkens.de\/?s={search_term_string}"},"query-input":{"@type":"PropertyValueSpecification","valueRequired":true,"valueName":"search_term_string"}}],"inLanguage":"en-US"},{"@type":"Organization","@id":"https:\/\/pfad-des-gedenkens.de\/#organization","name":"Pfad des Gedenkens","url":"https:\/\/pfad-des-gedenkens.de\/","logo":{"@type":"ImageObject","inLanguage":"en-US","@id":"https:\/\/pfad-des-gedenkens.de\/#\/schema\/logo\/image\/","url":"https:\/\/pfad-des-gedenkens.de\/wp-content\/uploads\/2025\/03\/Element-1@4x-2.png","contentUrl":"https:\/\/pfad-des-gedenkens.de\/wp-content\/uploads\/2025\/03\/Element-1@4x-2.png","width":632,"height":257,"caption":"Pfad des Gedenkens"},"image":{"@id":"https:\/\/pfad-des-gedenkens.de\/#\/schema\/logo\/image\/"}}]}},"_links":{"self":[{"href":"https:\/\/pfad-des-gedenkens.de\/en\/wp-json\/wp\/v2\/pages\/1721","targetHints":{"allow":["GET"]}}],"collection":[{"href":"https:\/\/pfad-des-gedenkens.de\/en\/wp-json\/wp\/v2\/pages"}],"about":[{"href":"https:\/\/pfad-des-gedenkens.de\/en\/wp-json\/wp\/v2\/types\/page"}],"author":[{"embeddable":true,"href":"https:\/\/pfad-des-gedenkens.de\/en\/wp-json\/wp\/v2\/users\/1"}],"replies":[{"embeddable":true,"href":"https:\/\/pfad-des-gedenkens.de\/en\/wp-json\/wp\/v2\/comments?post=1721"}],"version-history":[{"count":1,"href":"https:\/\/pfad-des-gedenkens.de\/en\/wp-json\/wp\/v2\/pages\/1721\/revisions"}],"predecessor-version":[{"id":1722,"href":"https:\/\/pfad-des-gedenkens.de\/en\/wp-json\/wp\/v2\/pages\/1721\/revisions\/1722"}],"wp:attachment":[{"href":"https:\/\/pfad-des-gedenkens.de\/en\/wp-json\/wp\/v2\/media?parent=1721"}],"curies":[{"name":"wp","href":"https:\/\/api.w.org\/{rel}","templated":true}]}}